{"id":16,"date":"2021-07-01T15:50:06","date_gmt":"2021-07-01T13:50:06","guid":{"rendered":"http:\/\/prawnikwarszawa24.pl\/?page_id=16"},"modified":"2021-11-21T22:06:43","modified_gmt":"2021-11-21T21:06:43","slug":"strona-glowna","status":"publish","type":"page","link":"https:\/\/prawnikwarszawa24.you2.pl\/","title":{"rendered":"Strona g\u0142\u00f3wna"},"content":{"rendered":"<h2>Witamy na stronie <u>Prawnik Warszawa 24<\/u>.<\/h2>\n<p>Dlaczego taka nazwa strony? Pracujemy g\u0142\u00f3wnie w Warszawie, jednak mo\u017cesz skontaktowa\u0107 si\u0119 z nami poprzez formularz kontaktowy lub wysy\u0142aj\u0105c e-mail w ka\u017cdej chwili, gdy chcesz dowiedzie\u0107 si\u0119 jaka jest Twoja sytuacja prawna lub czy przys\u0142uguj\u0105 ci skuteczne \u015brodki prawne do obrony praw.&nbsp;<\/p>\n<h2>Skontaktuj si\u0119 z nami!<\/h2>\n<form id=\"wpforms-form-79\" data-formid=\"79\" method=\"post\" enctype=\"multipart\/form-data\" action=\"\/wp-admin\/admin-ajax.php\" data-token=\"a9443f092a7bb591f214aa86805b5203\"><noscript>Please enable JavaScript in your browser to complete this form.<\/noscript><label for=\"wpforms-79-field_0\">Imi\u0119 i nazwisko *<\/label><input type=\"text\" id=\"wpforms-79-field_0\" name=\"wpforms[fields][0]\" required=\"\"><label for=\"wpforms-79-field_1\">Wpisanie adresu e-mail umo\u017cliwi nam kontakt z Tob\u0105 *<\/label><input type=\"email\" id=\"wpforms-79-field_1\" name=\"wpforms[fields][1]\" required=\"\"><label for=\"wpforms-79-field_2\">Poni\u017cej opisz swoj\u0105 spraw\u0119- w ci\u0105gu 48 godzin skontaktujemy si\u0119 z Tob\u0105 w celu przedstawienia propozycji dzia\u0142a\u0144 *<\/label><textarea id=\"wpforms-79-field_2\" name=\"wpforms[fields][2]\" required=\"\"><\/textarea><input type=\"hidden\" name=\"wpforms[id]\" value=\"79\"><input type=\"hidden\" name=\"wpforms[author]\" value=\"1\"><button type=\"submit\" name=\"wpforms[submit]\" id=\"wpforms-submit-79\" value=\"wpforms-submit\" aria-live=\"assertive\" data-alt-text=\"Wysy\u0142anie...\" data-submit-text=\"Wy\u015blij\">Wy\u015blij<\/button><\/form>\n<p>  <!-- .wpforms-container --><\/p>\n","protected":false},"excerpt":{"rendered":"<p>Witamy na stronie Prawnik Warszawa 24. Dlaczego taka nazwa strony? Pracujemy g\u0142\u00f3wnie w Warszawie, jednak mo\u017cesz skontaktowa\u0107 si\u0119 z nami poprzez formularz kontaktowy lub wysy\u0142aj\u0105c e-mail w ka\u017cdej chwili, gdy chcesz dowiedzie\u0107 si\u0119 jaka jest Twoja sytuacja prawna lub czy przys\u0142uguj\u0105 ci skuteczne \u015brodki prawne do obrony praw.&nbsp; Skontaktuj si\u0119 z nami! Please enable JavaScript [&hellip;]<\/p>\n","protected":false},"author":1,"featured_media":0,"parent":0,"menu_order":0,"comment_status":"closed","ping_status":"closed","template":"elementor_header_footer","meta":{"footnotes":""},"class_list":["post-16","page","type-page","status-publish","hentry"],"yoast_head":"<!-- This site is optimized with the Yoast SEO plugin v19.6.1 - https:\/\/yoast.com\/wordpress\/plugins\/seo\/ -->\n<title>Strona g\u0142\u00f3wna - Kancelaria Maziarek<\/title>\n<meta name=\"robots\" content=\"index, follow, max-snippet:-1, max-image-preview:large, max-video-preview:-1\" \/>\n<link rel=\"canonical\" href=\"https:\/\/prawnikwarszawa24.you2.pl\/\" \/>\n<meta property=\"og:locale\" content=\"pl_PL\" \/>\n<meta property=\"og:type\" content=\"article\" \/>\n<meta property=\"og:title\" content=\"Strona g\u0142\u00f3wna - Kancelaria Maziarek\" \/>\n<meta property=\"og:description\" content=\"Witamy na stronie Prawnik Warszawa 24. Dlaczego taka nazwa strony? Pracujemy g\u0142\u00f3wnie w Warszawie, jednak mo\u017cesz skontaktowa\u0107 si\u0119 z nami poprzez formularz kontaktowy lub wysy\u0142aj\u0105c e-mail w ka\u017cdej chwili, gdy chcesz dowiedzie\u0107 si\u0119 jaka jest Twoja sytuacja prawna lub czy przys\u0142uguj\u0105 ci skuteczne \u015brodki prawne do obrony praw.&nbsp; Skontaktuj si\u0119 z nami! Please enable JavaScript [&hellip;]\" \/>\n<meta property=\"og:url\" content=\"https:\/\/prawnikwarszawa24.you2.pl\/\" \/>\n<meta property=\"og:site_name\" content=\"Kancelaria Maziarek\" \/>\n<meta property=\"article:modified_time\" content=\"2021-11-21T21:06:43+00:00\" \/>\n<meta name=\"twitter:card\" content=\"summary_large_image\" \/>\n<meta name=\"twitter:label1\" content=\"Szacowany czas czytania\" \/>\n\t<meta name=\"twitter:data1\" content=\"1 minuta\" \/>\n<script type=\"application\/ld+json\" class=\"yoast-schema-graph\">{\"@context\":\"https:\/\/schema.org\",\"@graph\":[{\"@type\":\"WebPage\",\"@id\":\"https:\/\/prawnikwarszawa24.you2.pl\/\",\"url\":\"https:\/\/prawnikwarszawa24.you2.pl\/\",\"name\":\"Strona g\u0142\u00f3wna - Kancelaria Maziarek\",\"isPartOf\":{\"@id\":\"http:\/\/prawnikwarszawa24.you2.pl\/#website\"},\"datePublished\":\"2021-07-01T13:50:06+00:00\",\"dateModified\":\"2021-11-21T21:06:43+00:00\",\"breadcrumb\":{\"@id\":\"https:\/\/prawnikwarszawa24.you2.pl\/#breadcrumb\"},\"inLanguage\":\"pl-PL\",\"potentialAction\":[{\"@type\":\"ReadAction\",\"target\":[\"https:\/\/prawnikwarszawa24.you2.pl\/\"]}]},{\"@type\":\"BreadcrumbList\",\"@id\":\"https:\/\/prawnikwarszawa24.you2.pl\/#breadcrumb\",\"itemListElement\":[{\"@type\":\"ListItem\",\"position\":1,\"name\":\"Strona g\u0142\u00f3wna\",\"item\":\"https:\/\/prawnikwarszawa24.you2.pl\/\"},{\"@type\":\"ListItem\",\"position\":2,\"name\":\"Strona g\u0142\u00f3wna\"}]},{\"@type\":\"WebSite\",\"@id\":\"http:\/\/prawnikwarszawa24.you2.pl\/#website\",\"url\":\"http:\/\/prawnikwarszawa24.you2.pl\/\",\"name\":\"Kancelaria Maziarek\",\"description\":\"po prostu prawo\",\"publisher\":{\"@id\":\"http:\/\/prawnikwarszawa24.you2.pl\/#organization\"},\"potentialAction\":[{\"@type\":\"SearchAction\",\"target\":{\"@type\":\"EntryPoint\",\"urlTemplate\":\"http:\/\/prawnikwarszawa24.you2.pl\/?s={search_term_string}\"},\"query-input\":\"required name=search_term_string\"}],\"inLanguage\":\"pl-PL\"},{\"@type\":\"Organization\",\"@id\":\"http:\/\/prawnikwarszawa24.you2.pl\/#organization\",\"name\":\"Kancelaria Maziarek\",\"url\":\"http:\/\/prawnikwarszawa24.you2.pl\/\",\"sameAs\":[],\"logo\":{\"@type\":\"ImageObject\",\"inLanguage\":\"pl-PL\",\"@id\":\"http:\/\/prawnikwarszawa24.you2.pl\/#\/schema\/logo\/image\/\",\"url\":\"https:\/\/prawnikwarszawa24.you2.pl\/wp-content\/uploads\/2021\/07\/Logo-Kancelaria-Maziarek-UP-biale.png\",\"contentUrl\":\"https:\/\/prawnikwarszawa24.you2.pl\/wp-content\/uploads\/2021\/07\/Logo-Kancelaria-Maziarek-UP-biale.png\",\"width\":4126,\"height\":593,\"caption\":\"Kancelaria Maziarek\"},\"image\":{\"@id\":\"http:\/\/prawnikwarszawa24.you2.pl\/#\/schema\/logo\/image\/\"}}]}<\/script>\n<!-- \/ Yoast SEO plugin. -->","yoast_head_json":{"title":"Strona g\u0142\u00f3wna - Kancelaria Maziarek","robots":{"index":"index","follow":"follow","max-snippet":"max-snippet:-1","max-image-preview":"max-image-preview:large","max-video-preview":"max-video-preview:-1"},"canonical":"https:\/\/prawnikwarszawa24.you2.pl\/","og_locale":"pl_PL","og_type":"article","og_title":"Strona g\u0142\u00f3wna - Kancelaria Maziarek","og_description":"Witamy na stronie Prawnik Warszawa 24. Dlaczego taka nazwa strony? Pracujemy g\u0142\u00f3wnie w Warszawie, jednak mo\u017cesz skontaktowa\u0107 si\u0119 z nami poprzez formularz kontaktowy lub wysy\u0142aj\u0105c e-mail w ka\u017cdej chwili, gdy chcesz dowiedzie\u0107 si\u0119 jaka jest Twoja sytuacja prawna lub czy przys\u0142uguj\u0105 ci skuteczne \u015brodki prawne do obrony praw.&nbsp; Skontaktuj si\u0119 z nami! Please enable JavaScript [&hellip;]","og_url":"https:\/\/prawnikwarszawa24.you2.pl\/","og_site_name":"Kancelaria Maziarek","article_modified_time":"2021-11-21T21:06:43+00:00","twitter_card":"summary_large_image","twitter_misc":{"Szacowany czas czytania":"1 minuta"},"schema":{"@context":"https:\/\/schema.org","@graph":[{"@type":"WebPage","@id":"https:\/\/prawnikwarszawa24.you2.pl\/","url":"https:\/\/prawnikwarszawa24.you2.pl\/","name":"Strona g\u0142\u00f3wna - Kancelaria Maziarek","isPartOf":{"@id":"http:\/\/prawnikwarszawa24.you2.pl\/#website"},"datePublished":"2021-07-01T13:50:06+00:00","dateModified":"2021-11-21T21:06:43+00:00","breadcrumb":{"@id":"https:\/\/prawnikwarszawa24.you2.pl\/#breadcrumb"},"inLanguage":"pl-PL","potentialAction":[{"@type":"ReadAction","target":["https:\/\/prawnikwarszawa24.you2.pl\/"]}]},{"@type":"BreadcrumbList","@id":"https:\/\/prawnikwarszawa24.you2.pl\/#breadcrumb","itemListElement":[{"@type":"ListItem","position":1,"name":"Strona g\u0142\u00f3wna","item":"https:\/\/prawnikwarszawa24.you2.pl\/"},{"@type":"ListItem","position":2,"name":"Strona g\u0142\u00f3wna"}]},{"@type":"WebSite","@id":"http:\/\/prawnikwarszawa24.you2.pl\/#website","url":"http:\/\/prawnikwarszawa24.you2.pl\/","name":"Kancelaria Maziarek","description":"po prostu prawo","publisher":{"@id":"http:\/\/prawnikwarszawa24.you2.pl\/#organization"},"potentialAction":[{"@type":"SearchAction","target":{"@type":"EntryPoint","urlTemplate":"http:\/\/prawnikwarszawa24.you2.pl\/?s={search_term_string}"},"query-input":"required name=search_term_string"}],"inLanguage":"pl-PL"},{"@type":"Organization","@id":"http:\/\/prawnikwarszawa24.you2.pl\/#organization","name":"Kancelaria Maziarek","url":"http:\/\/prawnikwarszawa24.you2.pl\/","sameAs":[],"logo":{"@type":"ImageObject","inLanguage":"pl-PL","@id":"http:\/\/prawnikwarszawa24.you2.pl\/#\/schema\/logo\/image\/","url":"https:\/\/prawnikwarszawa24.you2.pl\/wp-content\/uploads\/2021\/07\/Logo-Kancelaria-Maziarek-UP-biale.png","contentUrl":"https:\/\/prawnikwarszawa24.you2.pl\/wp-content\/uploads\/2021\/07\/Logo-Kancelaria-Maziarek-UP-biale.png","width":4126,"height":593,"caption":"Kancelaria Maziarek"},"image":{"@id":"http:\/\/prawnikwarszawa24.you2.pl\/#\/schema\/logo\/image\/"}}]}},"_links":{"self":[{"href":"https:\/\/prawnikwarszawa24.you2.pl\/index.php\/wp-json\/wp\/v2\/pages\/16","targetHints":{"allow":["GET"]}}],"collection":[{"href":"https:\/\/prawnikwarszawa24.you2.pl\/index.php\/wp-json\/wp\/v2\/pages"}],"about":[{"href":"https:\/\/prawnikwarszawa24.you2.pl\/index.php\/wp-json\/wp\/v2\/types\/page"}],"author":[{"embeddable":true,"href":"https:\/\/prawnikwarszawa24.you2.pl\/index.php\/wp-json\/wp\/v2\/users\/1"}],"replies":[{"embeddable":true,"href":"https:\/\/prawnikwarszawa24.you2.pl\/index.php\/wp-json\/wp\/v2\/comments?post=16"}],"version-history":[{"count":426,"href":"https:\/\/prawnikwarszawa24.you2.pl\/index.php\/wp-json\/wp\/v2\/pages\/16\/revisions"}],"predecessor-version":[{"id":1536,"href":"https:\/\/prawnikwarszawa24.you2.pl\/index.php\/wp-json\/wp\/v2\/pages\/16\/revisions\/1536"}],"wp:attachment":[{"href":"https:\/\/prawnikwarszawa24.you2.pl\/index.php\/wp-json\/wp\/v2\/media?parent=16"}],"curies":[{"name":"wp","href":"https:\/\/api.w.org\/{rel}","templated":true}]}}