{"id":254,"date":"2021-07-14T15:23:31","date_gmt":"2021-07-14T13:23:31","guid":{"rendered":"http:\/\/prawnikwarszawa24.pl\/?page_id=254"},"modified":"2021-09-22T11:09:45","modified_gmt":"2021-09-22T09:09:45","slug":"wynagrodzenie","status":"publish","type":"page","link":"https:\/\/prawnikwarszawa24.you2.pl\/index.php\/wynagrodzenie\/","title":{"rendered":"Wynagrodzenie"},"content":{"rendered":"\t\t<div data-elementor-type=\"wp-page\" data-elementor-id=\"254\" class=\"elementor elementor-254\">\n\t\t\t\t\t\t\t\t\t<section class=\"elementor-section elementor-top-section elementor-element elementor-element-249ff83 elementor-section-boxed elementor-section-height-default elementor-section-height-default\" data-id=\"249ff83\" data-element_type=\"section\">\n\t\t\t\t\t\t<div class=\"elementor-container elementor-column-gap-default\">\n\t\t\t\t\t<div class=\"elementor-column elementor-col-100 elementor-top-column elementor-element elementor-element-65ea59b\" data-id=\"65ea59b\" data-element_type=\"column\">\n\t\t\t<div class=\"elementor-widget-wrap elementor-element-populated\">\n\t\t\t\t\t\t\t\t<div class=\"elementor-element elementor-element-08a32c9 elementor-widget elementor-widget-spacer\" data-id=\"08a32c9\" data-element_type=\"widget\" data-widget_type=\"spacer.default\">\n\t\t\t\t<div class=\"elementor-widget-container\">\n\t\t\t\t\t<div class=\"elementor-spacer\">\n\t\t\t<div class=\"elementor-spacer-inner\"><\/div>\n\t\t<\/div>\n\t\t\t\t<\/div>\n\t\t\t\t<\/div>\n\t\t\t\t\t<\/div>\n\t\t<\/div>\n\t\t\t\t\t\t\t<\/div>\n\t\t<\/section>\n\t\t\t\t<section class=\"elementor-section elementor-top-section elementor-element elementor-element-2d0e030 elementor-section-boxed elementor-section-height-default elementor-section-height-default\" data-id=\"2d0e030\" data-element_type=\"section\">\n\t\t\t\t\t\t<div class=\"elementor-container elementor-column-gap-default\">\n\t\t\t\t\t<div class=\"elementor-column elementor-col-100 elementor-top-column elementor-element elementor-element-fa97b87\" data-id=\"fa97b87\" data-element_type=\"column\">\n\t\t\t<div class=\"elementor-widget-wrap elementor-element-populated\">\n\t\t\t\t\t\t\t\t<div class=\"elementor-element elementor-element-8315a0a animated-slow elementor-invisible elementor-widget elementor-widget-heading\" data-id=\"8315a0a\" data-element_type=\"widget\" data-settings=\"{&quot;_animation&quot;:&quot;slideInDown&quot;}\" data-widget_type=\"heading.default\">\n\t\t\t\t<div class=\"elementor-widget-container\">\n\t\t\t<h1 class=\"elementor-heading-title elementor-size-default\">Honorarium<\/h1>\t\t<\/div>\n\t\t\t\t<\/div>\n\t\t\t\t\t<\/div>\n\t\t<\/div>\n\t\t\t\t\t\t\t<\/div>\n\t\t<\/section>\n\t\t\t\t<section class=\"elementor-section elementor-top-section elementor-element elementor-element-a157168 elementor-section-boxed elementor-section-height-default elementor-section-height-default\" data-id=\"a157168\" data-element_type=\"section\">\n\t\t\t\t\t\t<div class=\"elementor-container elementor-column-gap-default\">\n\t\t\t\t\t<div class=\"elementor-column elementor-col-100 elementor-top-column elementor-element elementor-element-7f9d263\" data-id=\"7f9d263\" data-element_type=\"column\">\n\t\t\t<div class=\"elementor-widget-wrap elementor-element-populated\">\n\t\t\t\t\t\t\t\t<div class=\"elementor-element elementor-element-2ef811e animated-slow elementor-invisible elementor-widget elementor-widget-text-editor\" data-id=\"2ef811e\" data-element_type=\"widget\" data-settings=\"{&quot;_animation&quot;:&quot;slideInUp&quot;}\" data-widget_type=\"text-editor.default\">\n\t\t\t\t<div class=\"elementor-widget-container\">\n\t\t\t\t\t\t\t<p class=\"western\" lang=\"pl-PL\">Cennik pracy prawnika zawiera wycen\u0119 w sprawach niewymagaj\u0105cych nak\u0142adu pracy d\u0142u\u017cszego ni\u017c 3 godziny. W sytuacji bardziej skomplikowanych stan\u00f3w prawnych lub faktycznych, cena ustalana jest indywidualnie i jest uzgadniana z Klientem przed rozpocz\u0119ciem wykonywania zlecenia.<\/p>\n<ol>\n<li>\n<p lang=\"pl-PL\">Udzielenie porady prawnej przez e-mail b\u0105d\u017a telefon np. jako odpowied\u017a na zapytanie e-mail, nie wi\u0105\u017c\u0105cej si\u0119 z zapoznawaniem z dokumentacj\u0105, w oparciu o stan faktyczny przedstawiony przez Klienta \u2013 250 z\u0142 brutto.<\/p>\n<\/li>\n<li>\n<p lang=\"pl-PL\">Udzielenie porady prawnej przez e-mail b\u0105d\u017a telefon, wi\u0105\u017c\u0105cej si\u0119 z zapoznawaniem z dokumentacj\u0105 przedstawion\u0105 przez Klienta, w oparciu o stan faktyczny przedstawiony przez Klienta \u2013 450 z\u0142 brutto<\/p>\n<\/li>\n<li>\n<p lang=\"pl-PL\">Sporz\u0105dzenie opinii prawnej \/ pisma w oparciu o porad\u0119 prawn\u0105 wskazan\u0105 w pkt 1 lub 2 \u2013 <u>dodatkowo<\/u> 400 z\u0142 brutto.<\/p>\n<\/li>\n<li>\n<p lang=\"pl-PL\">Prowadzenie spraw s\u0105dowych. Po zapoznaniu si\u0119 z informacj\u0105 o sprawie przedstawion\u0105 przez Klienta przygotujemy ofert\u0119 cenow\u0105 prowadzenia sprawy. Wynagrodzenie proponowane przez nas jest wynagrodzeniem rycza\u0142towym p\u0142atnym jednorazowo lub w ratach, w zale\u017cno\u015bci od sytuacji maj\u0105tkowej Klienta. W sytuacji skorzystania z porady prawnej opisane w pkt 1 -3, wydatek ten jest uwzgl\u0119dniany w cenie prowadzenia sprawy s\u0105dowej i obni\u017ca j\u0105.<\/p>\n<\/li>\n<li>\n<p lang=\"pl-PL\">Wycena spraw tzw. frankowych -znajduje si\u0119 na stronie www.mecenasfrankowicza.pl<\/p>\n<\/li>\n<\/ol>\n<p class=\"western\" lang=\"pl-PL\">Cena mo\u017ce wzrosn\u0105\u0107, je\u017celi zaistnieje konieczno\u015b\u0107 pilnego udzielenia porady prawnej, w terminie kr\u00f3tszym ni\u017c 3 dni.<\/p>\t\t\t\t\t\t<\/div>\n\t\t\t\t<\/div>\n\t\t\t\t\t<\/div>\n\t\t<\/div>\n\t\t\t\t\t\t\t<\/div>\n\t\t<\/section>\n\t\t\t\t<section class=\"elementor-section elementor-top-section elementor-element elementor-element-322cc1c elementor-section-boxed elementor-section-height-default elementor-section-height-default\" data-id=\"322cc1c\" data-element_type=\"section\">\n\t\t\t\t\t\t<div class=\"elementor-container elementor-column-gap-default\">\n\t\t\t\t\t<div class=\"elementor-column elementor-col-100 elementor-top-column elementor-element elementor-element-860608e\" data-id=\"860608e\" data-element_type=\"column\">\n\t\t\t<div class=\"elementor-widget-wrap elementor-element-populated\">\n\t\t\t\t\t\t\t\t<div class=\"elementor-element elementor-element-e0a260a elementor-widget elementor-widget-spacer\" data-id=\"e0a260a\" data-element_type=\"widget\" data-widget_type=\"spacer.default\">\n\t\t\t\t<div class=\"elementor-widget-container\">\n\t\t\t\t\t<div class=\"elementor-spacer\">\n\t\t\t<div class=\"elementor-spacer-inner\"><\/div>\n\t\t<\/div>\n\t\t\t\t<\/div>\n\t\t\t\t<\/div>\n\t\t\t\t\t<\/div>\n\t\t<\/div>\n\t\t\t\t\t\t\t<\/div>\n\t\t<\/section>\n\t\t\t\t<section class=\"elementor-section elementor-top-section elementor-element elementor-element-04a77a6 elementor-section-boxed elementor-section-height-default elementor-section-height-default\" data-id=\"04a77a6\" data-element_type=\"section\">\n\t\t\t\t\t\t<div class=\"elementor-container elementor-column-gap-default\">\n\t\t\t\t\t<div class=\"elementor-column elementor-col-100 elementor-top-column elementor-element elementor-element-0a29895\" data-id=\"0a29895\" data-element_type=\"column\">\n\t\t\t<div class=\"elementor-widget-wrap elementor-element-populated\">\n\t\t\t\t\t\t\t\t<div class=\"elementor-element elementor-element-0df6cc0 animated-slow elementor-invisible elementor-widget elementor-widget-heading\" data-id=\"0df6cc0\" data-element_type=\"widget\" data-settings=\"{&quot;_animation&quot;:&quot;slideInDown&quot;}\" data-widget_type=\"heading.default\">\n\t\t\t\t<div class=\"elementor-widget-container\">\n\t\t\t<h5 class=\"elementor-heading-title elementor-size-small\">Czy jest mo\u017cliwa darmowa porada prawna, bezp\u0142atna us\u0142uga prawna?<\/h5>\t\t<\/div>\n\t\t\t\t<\/div>\n\t\t\t\t\t<\/div>\n\t\t<\/div>\n\t\t\t\t\t\t\t<\/div>\n\t\t<\/section>\n\t\t\t\t<section class=\"elementor-section elementor-top-section elementor-element elementor-element-f91ee17 elementor-section-boxed elementor-section-height-default elementor-section-height-default\" data-id=\"f91ee17\" data-element_type=\"section\">\n\t\t\t\t\t\t<div class=\"elementor-container elementor-column-gap-default\">\n\t\t\t\t\t<div class=\"elementor-column elementor-col-100 elementor-top-column elementor-element elementor-element-2fdb89a\" data-id=\"2fdb89a\" data-element_type=\"column\">\n\t\t\t<div class=\"elementor-widget-wrap elementor-element-populated\">\n\t\t\t\t\t\t\t\t<div class=\"elementor-element elementor-element-6db7117 animated-slow elementor-invisible elementor-widget elementor-widget-text-editor\" data-id=\"6db7117\" data-element_type=\"widget\" data-settings=\"{&quot;_animation&quot;:&quot;slideInUp&quot;}\" data-widget_type=\"text-editor.default\">\n\t\t\t\t<div class=\"elementor-widget-container\">\n\t\t\t\t\t\t\t<p class=\"western\" lang=\"pl-PL\">Kancelaria promuje postawy zaanga\u017cowane spo\u0142ecznie. Wierzymy, \u017ce zmiana zaczyna si\u0119 tu i teraz. W tym momencie. Czasami, bez porady prawnej nie mo\u017cna ruszy\u0107 z miejsca, a projekt wart jest naszego zaanga\u017cowania poza godzinami pracy.<\/p><p class=\"western\" lang=\"pl-PL\">W sytuacji, gdy sprawa szczeg\u00f3lnie nas zainteresuje i b\u0119dziemy mie\u0107 mo\u017cliwo\u015bci czasowe i organizacyjne, jest mo\u017cliwo\u015b\u0107 poprowadzenia sprawy pro bono b\u0105d\u017a udzielenia nieodp\u0142atnej porady prawnej.<\/p><p class=\"western\" lang=\"pl-PL\">Z pro\u015bb\u0105 o nieodp\u0142atn\u0105 pomoc prawn\u0105 napisz na e-mail: <span style=\"text-decoration: underline;\">kontakt@kancelariamaziarek.pl<\/span><\/p>\t\t\t\t\t\t<\/div>\n\t\t\t\t<\/div>\n\t\t\t\t\t<\/div>\n\t\t<\/div>\n\t\t\t\t\t\t\t<\/div>\n\t\t<\/section>\n\t\t\t\t\t\t\t<\/div>\n\t\t","protected":false},"excerpt":{"rendered":"<p>Honorarium Cennik pracy prawnika zawiera wycen\u0119 w sprawach niewymagaj\u0105cych nak\u0142adu pracy d\u0142u\u017cszego ni\u017c 3 godziny. W sytuacji bardziej skomplikowanych stan\u00f3w prawnych lub faktycznych, cena ustalana jest indywidualnie i jest uzgadniana z Klientem przed rozpocz\u0119ciem wykonywania zlecenia. Udzielenie porady prawnej przez e-mail b\u0105d\u017a telefon np. jako odpowied\u017a na zapytanie e-mail, nie wi\u0105\u017c\u0105cej si\u0119 z zapoznawaniem z [&hellip;]<\/p>\n","protected":false},"author":1,"featured_media":0,"parent":0,"menu_order":0,"comment_status":"closed","ping_status":"closed","template":"page-templates\/template-pagebuilder-full-width.php","meta":{"footnotes":""},"class_list":["post-254","page","type-page","status-publish","hentry"],"yoast_head":"<!-- This site is optimized with the Yoast SEO plugin v19.6.1 - https:\/\/yoast.com\/wordpress\/plugins\/seo\/ -->\n<title>Wynagrodzenie - Kancelaria Maziarek<\/title>\n<meta name=\"robots\" content=\"index, follow, max-snippet:-1, max-image-preview:large, max-video-preview:-1\" \/>\n<link rel=\"canonical\" href=\"https:\/\/prawnikwarszawa24.you2.pl\/index.php\/wynagrodzenie\/\" \/>\n<meta property=\"og:locale\" content=\"pl_PL\" \/>\n<meta property=\"og:type\" content=\"article\" \/>\n<meta property=\"og:title\" content=\"Wynagrodzenie - Kancelaria Maziarek\" \/>\n<meta property=\"og:description\" content=\"Honorarium Cennik pracy prawnika zawiera wycen\u0119 w sprawach niewymagaj\u0105cych nak\u0142adu pracy d\u0142u\u017cszego ni\u017c 3 godziny. W sytuacji bardziej skomplikowanych stan\u00f3w prawnych lub faktycznych, cena ustalana jest indywidualnie i jest uzgadniana z Klientem przed rozpocz\u0119ciem wykonywania zlecenia. Udzielenie porady prawnej przez e-mail b\u0105d\u017a telefon np. jako odpowied\u017a na zapytanie e-mail, nie wi\u0105\u017c\u0105cej si\u0119 z zapoznawaniem z [&hellip;]\" \/>\n<meta property=\"og:url\" content=\"https:\/\/prawnikwarszawa24.you2.pl\/index.php\/wynagrodzenie\/\" \/>\n<meta property=\"og:site_name\" content=\"Kancelaria Maziarek\" \/>\n<meta property=\"article:modified_time\" content=\"2021-09-22T09:09:45+00:00\" \/>\n<meta name=\"twitter:card\" content=\"summary_large_image\" \/>\n<meta name=\"twitter:label1\" content=\"Szacowany czas czytania\" \/>\n\t<meta name=\"twitter:data1\" content=\"2 minuty\" \/>\n<script type=\"application\/ld+json\" class=\"yoast-schema-graph\">{\"@context\":\"https:\/\/schema.org\",\"@graph\":[{\"@type\":\"WebPage\",\"@id\":\"https:\/\/prawnikwarszawa24.you2.pl\/index.php\/wynagrodzenie\/\",\"url\":\"https:\/\/prawnikwarszawa24.you2.pl\/index.php\/wynagrodzenie\/\",\"name\":\"Wynagrodzenie - Kancelaria Maziarek\",\"isPartOf\":{\"@id\":\"http:\/\/prawnikwarszawa24.you2.pl\/#website\"},\"datePublished\":\"2021-07-14T13:23:31+00:00\",\"dateModified\":\"2021-09-22T09:09:45+00:00\",\"breadcrumb\":{\"@id\":\"https:\/\/prawnikwarszawa24.you2.pl\/index.php\/wynagrodzenie\/#breadcrumb\"},\"inLanguage\":\"pl-PL\",\"potentialAction\":[{\"@type\":\"ReadAction\",\"target\":[\"https:\/\/prawnikwarszawa24.you2.pl\/index.php\/wynagrodzenie\/\"]}]},{\"@type\":\"BreadcrumbList\",\"@id\":\"https:\/\/prawnikwarszawa24.you2.pl\/index.php\/wynagrodzenie\/#breadcrumb\",\"itemListElement\":[{\"@type\":\"ListItem\",\"position\":1,\"name\":\"Strona g\u0142\u00f3wna\",\"item\":\"https:\/\/prawnikwarszawa24.you2.pl\/\"},{\"@type\":\"ListItem\",\"position\":2,\"name\":\"Wynagrodzenie\"}]},{\"@type\":\"WebSite\",\"@id\":\"http:\/\/prawnikwarszawa24.you2.pl\/#website\",\"url\":\"http:\/\/prawnikwarszawa24.you2.pl\/\",\"name\":\"Kancelaria Maziarek\",\"description\":\"po prostu prawo\",\"publisher\":{\"@id\":\"http:\/\/prawnikwarszawa24.you2.pl\/#organization\"},\"potentialAction\":[{\"@type\":\"SearchAction\",\"target\":{\"@type\":\"EntryPoint\",\"urlTemplate\":\"http:\/\/prawnikwarszawa24.you2.pl\/?s={search_term_string}\"},\"query-input\":\"required name=search_term_string\"}],\"inLanguage\":\"pl-PL\"},{\"@type\":\"Organization\",\"@id\":\"http:\/\/prawnikwarszawa24.you2.pl\/#organization\",\"name\":\"Kancelaria Maziarek\",\"url\":\"http:\/\/prawnikwarszawa24.you2.pl\/\",\"sameAs\":[],\"logo\":{\"@type\":\"ImageObject\",\"inLanguage\":\"pl-PL\",\"@id\":\"http:\/\/prawnikwarszawa24.you2.pl\/#\/schema\/logo\/image\/\",\"url\":\"https:\/\/prawnikwarszawa24.you2.pl\/wp-content\/uploads\/2021\/07\/Logo-Kancelaria-Maziarek-UP-biale.png\",\"contentUrl\":\"https:\/\/prawnikwarszawa24.you2.pl\/wp-content\/uploads\/2021\/07\/Logo-Kancelaria-Maziarek-UP-biale.png\",\"width\":4126,\"height\":593,\"caption\":\"Kancelaria Maziarek\"},\"image\":{\"@id\":\"http:\/\/prawnikwarszawa24.you2.pl\/#\/schema\/logo\/image\/\"}}]}<\/script>\n<!-- \/ Yoast SEO plugin. -->","yoast_head_json":{"title":"Wynagrodzenie - Kancelaria Maziarek","robots":{"index":"index","follow":"follow","max-snippet":"max-snippet:-1","max-image-preview":"max-image-preview:large","max-video-preview":"max-video-preview:-1"},"canonical":"https:\/\/prawnikwarszawa24.you2.pl\/index.php\/wynagrodzenie\/","og_locale":"pl_PL","og_type":"article","og_title":"Wynagrodzenie - Kancelaria Maziarek","og_description":"Honorarium Cennik pracy prawnika zawiera wycen\u0119 w sprawach niewymagaj\u0105cych nak\u0142adu pracy d\u0142u\u017cszego ni\u017c 3 godziny. W sytuacji bardziej skomplikowanych stan\u00f3w prawnych lub faktycznych, cena ustalana jest indywidualnie i jest uzgadniana z Klientem przed rozpocz\u0119ciem wykonywania zlecenia. Udzielenie porady prawnej przez e-mail b\u0105d\u017a telefon np. jako odpowied\u017a na zapytanie e-mail, nie wi\u0105\u017c\u0105cej si\u0119 z zapoznawaniem z [&hellip;]","og_url":"https:\/\/prawnikwarszawa24.you2.pl\/index.php\/wynagrodzenie\/","og_site_name":"Kancelaria Maziarek","article_modified_time":"2021-09-22T09:09:45+00:00","twitter_card":"summary_large_image","twitter_misc":{"Szacowany czas czytania":"2 minuty"},"schema":{"@context":"https:\/\/schema.org","@graph":[{"@type":"WebPage","@id":"https:\/\/prawnikwarszawa24.you2.pl\/index.php\/wynagrodzenie\/","url":"https:\/\/prawnikwarszawa24.you2.pl\/index.php\/wynagrodzenie\/","name":"Wynagrodzenie - Kancelaria Maziarek","isPartOf":{"@id":"http:\/\/prawnikwarszawa24.you2.pl\/#website"},"datePublished":"2021-07-14T13:23:31+00:00","dateModified":"2021-09-22T09:09:45+00:00","breadcrumb":{"@id":"https:\/\/prawnikwarszawa24.you2.pl\/index.php\/wynagrodzenie\/#breadcrumb"},"inLanguage":"pl-PL","potentialAction":[{"@type":"ReadAction","target":["https:\/\/prawnikwarszawa24.you2.pl\/index.php\/wynagrodzenie\/"]}]},{"@type":"BreadcrumbList","@id":"https:\/\/prawnikwarszawa24.you2.pl\/index.php\/wynagrodzenie\/#breadcrumb","itemListElement":[{"@type":"ListItem","position":1,"name":"Strona g\u0142\u00f3wna","item":"https:\/\/prawnikwarszawa24.you2.pl\/"},{"@type":"ListItem","position":2,"name":"Wynagrodzenie"}]},{"@type":"WebSite","@id":"http:\/\/prawnikwarszawa24.you2.pl\/#website","url":"http:\/\/prawnikwarszawa24.you2.pl\/","name":"Kancelaria Maziarek","description":"po prostu prawo","publisher":{"@id":"http:\/\/prawnikwarszawa24.you2.pl\/#organization"},"potentialAction":[{"@type":"SearchAction","target":{"@type":"EntryPoint","urlTemplate":"http:\/\/prawnikwarszawa24.you2.pl\/?s={search_term_string}"},"query-input":"required name=search_term_string"}],"inLanguage":"pl-PL"},{"@type":"Organization","@id":"http:\/\/prawnikwarszawa24.you2.pl\/#organization","name":"Kancelaria Maziarek","url":"http:\/\/prawnikwarszawa24.you2.pl\/","sameAs":[],"logo":{"@type":"ImageObject","inLanguage":"pl-PL","@id":"http:\/\/prawnikwarszawa24.you2.pl\/#\/schema\/logo\/image\/","url":"https:\/\/prawnikwarszawa24.you2.pl\/wp-content\/uploads\/2021\/07\/Logo-Kancelaria-Maziarek-UP-biale.png","contentUrl":"https:\/\/prawnikwarszawa24.you2.pl\/wp-content\/uploads\/2021\/07\/Logo-Kancelaria-Maziarek-UP-biale.png","width":4126,"height":593,"caption":"Kancelaria Maziarek"},"image":{"@id":"http:\/\/prawnikwarszawa24.you2.pl\/#\/schema\/logo\/image\/"}}]}},"_links":{"self":[{"href":"https:\/\/prawnikwarszawa24.you2.pl\/index.php\/wp-json\/wp\/v2\/pages\/254","targetHints":{"allow":["GET"]}}],"collection":[{"href":"https:\/\/prawnikwarszawa24.you2.pl\/index.php\/wp-json\/wp\/v2\/pages"}],"about":[{"href":"https:\/\/prawnikwarszawa24.you2.pl\/index.php\/wp-json\/wp\/v2\/types\/page"}],"author":[{"embeddable":true,"href":"https:\/\/prawnikwarszawa24.you2.pl\/index.php\/wp-json\/wp\/v2\/users\/1"}],"replies":[{"embeddable":true,"href":"https:\/\/prawnikwarszawa24.you2.pl\/index.php\/wp-json\/wp\/v2\/comments?post=254"}],"version-history":[{"count":45,"href":"https:\/\/prawnikwarszawa24.you2.pl\/index.php\/wp-json\/wp\/v2\/pages\/254\/revisions"}],"predecessor-version":[{"id":1462,"href":"https:\/\/prawnikwarszawa24.you2.pl\/index.php\/wp-json\/wp\/v2\/pages\/254\/revisions\/1462"}],"wp:attachment":[{"href":"https:\/\/prawnikwarszawa24.you2.pl\/index.php\/wp-json\/wp\/v2\/media?parent=254"}],"curies":[{"name":"wp","href":"https:\/\/api.w.org\/{rel}","templated":true}]}}