{"id":421,"date":"2021-07-14T23:29:04","date_gmt":"2021-07-14T21:29:04","guid":{"rendered":"http:\/\/prawnikwarszawa24.pl\/?page_id=421"},"modified":"2021-11-21T22:16:27","modified_gmt":"2021-11-21T21:16:27","slug":"nota-prawna","status":"publish","type":"page","link":"https:\/\/prawnikwarszawa24.you2.pl\/index.php\/nota-prawna\/","title":{"rendered":"Nota prawna"},"content":{"rendered":"<h2>Polityka prywatno\u015bci<\/h2>\n<p>Polityka prywatno\u015bci i informacja RODO\u00a0serwisu <u>www.prawnikwarszawa24.pl<\/u><\/p>\n<p><u>\u00a0<\/u><\/p>\n<p>1. Administratorom danych osobowych jest Piotr Maziarek prowadz\u0105cy dzia\u0142alno\u015b\u0107 gospodarcz\u0105 pod nazw\u0105 \u201ePiotr Maziarek Kancelaria Radcy Prawnego \u201d\u00a0 (\u201eAdministrator\u201d)<\/p>\n<p>2. Pliki cookies:<\/p>\n<p>2.1 Strona internetowa www.prawnikwarszawa24.pl, jak wi\u0119kszo\u015b\u0107 witryn internetowych, korzysta z tzw. plik\u00f3w cookies (ciasteczek).\u00a0Pliki te:<br \/>\n2.1.1 s\u0105 zapisywane w pami\u0119ci Twojego urz\u0105dzenia (komputera, telefonu, itd.);<br \/>\n2.1.2 umo\u017cliwiaj\u0105 Ci, m.in., korzystanie ze wszystkich funkcji strony;<br \/>\n2.1.3 nie powoduj\u0105 zmian w ustawieniach Twojego urz\u0105dzenia<\/p>\n<p>2.2 Korzystaj\u0105c z odpowiednich opcji Twojej przegl\u0105darki, w ka\u017cdej chwili mo\u017cesz:<br \/>\n2.2.1 usun\u0105\u0107 pliki cookies<br \/>\n2.2.2 blokowa\u0107 wykorzystanie plik\u00f3w cookies w przysz\u0142o\u015bci<\/p>\n<p>2.3 Ciasteczka wykorzystywane s\u0105 w celu:<br \/>\n2.3.1 zapami\u0119tywania informacji o Twojej sesji;<br \/>\n2.3.2 statystycznym;<br \/>\n2.3.3 udost\u0119pniania funkcji strony.<\/p>\n<p>2.4 Aby dowiedzie\u0107 si\u0119 jak zarz\u0105dza\u0107 plikami cookies, w tym jak wy\u0142\u0105czy\u0107 ich obs\u0142ug\u0119 w Twojej przegl\u0105darce, mo\u017cesz skorzysta\u0107 z pliku pomocy Twojej przegl\u0105darki. Z informacjami na ten temat mo\u017cesz zapozna\u0107 si\u0119 wciskaj\u0105c klawisz F1 w przegl\u0105darce. Ponadto odpowiednie wskaz\u00f3wki znajdziesz na nast\u0119puj\u0105cych podstronach, w zale\u017cno\u015bci od przegl\u0105darki, kt\u00f3rej u\u017cywasz:<br \/>\n2.4.1\u00a0<a href=\"https:\/\/support.mozilla.org\/pl\/kb\/wzmocniona-ochrona-przed-sledzeniem-firefox-desktop?redirectslug=W%C5%82%C4%85czanie+i+wy%C5%82%C4%85czanie+obs%C5%82ugi+ciasteczek&amp;redirectlocale=pl\" target=\"_blank\" rel=\"noopener\">Firefox<\/a><br \/>\n2.4.2\u00a0<a href=\"https:\/\/support.google.com\/chrome\/answer\/95647?hl=plX\" target=\"_blank\" rel=\"noopener\">Chrome<\/a><br \/>\n2.4.3\u00a0<a href=\"https:\/\/support.apple.com\/pl-pl\/guide\/safari\/sfri11471\/mac\" target=\"_blank\" rel=\"noopener\">Safari<\/a><br \/>\n2.4.4\u00a0<a href=\"https:\/\/support.microsoft.com\/pl-pl\/windows\/program-microsoft-edge-i-przegl%C4%85danie-danych-a-prywatno%C5%9B%C4%87-bb8174ba-9d73-dcf2-9b4a-c582b4e640dd\" target=\"_blank\" rel=\"noopener\">Internet Explorer \/ Microsoft Edge<\/a><\/p>\n<p>2.5 Mo\u017cesz zarz\u0105dza\u0107 plikami cookies poprzez ustawienia przegl\u0105darki.<\/p>\n<p>2.6 Wi\u0119cej informacji o ciasteczkach znajdziesz w\u00a0<a href=\"https:\/\/pl.wikipedia.org\/wiki\/HTTP_cookie\" target=\"_blank\" rel=\"noopener\">Wikipedii<\/a>.<\/p>\n<p>3. Dane osobowe przekazane przez klienta celem analizy zdarzenia\/ sprawy:<\/p>\n<p>3.1 Przetwarzanie Twoich danych osobowych nast\u0119puj\u0105 na podstawie Rozporz\u0105dzenia Parlamentu Europejskiego i Rady (UE) 2016\/679 z dnia 27\u00a0kwietnia 2016 r. w sprawie ochrony os\u00f3b fizycznych w zwi\u0105zku z przetwarzaniem danych osobowych i w sprawie swobodnego przep\u0142ywu takich danych oraz uchylenia dyrektywy 95\/46\/WE (og\u00f3lne rozporz\u0105dzenie o ochronie danych) (dalej \u201eRODO\u201d)<\/p>\n<p>3.2 Przekazane przez Ciebie dane osobowe, w zwi\u0105zku z przekazaniem opisu zdarzenia celem dokonania analizy prawnej, b\u0119d\u0105 przetwarzane przez Administratora:<br \/>\n3.2.1 w celu\u00a0 zawarcia i wykonania zawartej\u00a0umowy (podstawa z art. 6 ust. 1\u00a0lit. b RODO); przekazanie danych osobowych jest konieczne w celu wykonania umowy;<br \/>\n3.2.2 w celu zwi\u0105zanym z przechowaniem danych osobowych przetwarzanych w zwi\u0105zku z wykonywaniem zawodu radcy prawnego (podstawa z art. 6 ust. 1\u00a0lit. c RODO), w\u0142a\u015bciwy przepis: art. 5c ust. 1 pkt 2 ustawy z\u00a0dnia 6 lipca 1982 r. o radcach prawnych<br \/>\n3.2.3 w celu ustalenia, ewentualnej obrony i dochodzenia roszcze\u0144, oraz w celach archiwalnych (dowodowych) b\u0119d\u0105cych realizacj\u0105 prawnie uzasadnionego interesu zabezpieczenia informacji na wypadek prawnej potrzeby wykazania fakt\u00f3w, wykazania wykonania obowi\u0105zk\u00f3w (podstawa z art. 6 ust. 1 lit. f RODO).<\/p>\n<p>3.3 Okres przetwarzania Twoich danych osobowych zwi\u0105zany jest ze wskazanymi powy\u017cej celami ich przetwarzania. Wobec powy\u017cszego dane osobowe b\u0119d\u0105 przetwarzane przez czas, w kt\u00f3rym przepisy prawa nakazuj\u0105 Administratorowi przechowywanie danych lub przez okres przedawnienia ewentualnych roszcze\u0144, do dochodzenia kt\u00f3rych konieczne jest dysponowanie danymi.<\/p>\n<p>3.4 Administrator mo\u017ce przekaza\u0107 dane innemu radcy prawnemu \/ adwokatowi lub aplikantowi &#8211; w przypadku potrzeby wsp\u00f3\u0142pracy\/ zast\u0119pstwa.<\/p>\n<p>3.5 Przekazanie danych osobowych nie jest wymogiem ustawowym, lecz jest niezb\u0119dne do wykonania umowy; w przypadku ich nie podania realizacja pomocy prawnej mo\u017ce okaza\u0107 si\u0119 utrudniona lub niemo\u017cliwa<\/p>\n<p>3.6 Zgodnie z RODO, przys\u0142uguje Tobie prawo do:<br \/>\n3.6.1 dost\u0119pu do swoich danych oraz otrzymania ich kopii;<br \/>\n3.6.2 sprostowania (poprawiania) swoich danych;<br \/>\n3.6.3 usuni\u0119cia, ograniczenia lub wniesienia sprzeciwu wobec ich przetwarzania;<br \/>\n3.6.4 wniesienia skargi do organu nadzorczego.<\/p>\n","protected":false},"excerpt":{"rendered":"<p>Polityka prywatno\u015bci Polityka prywatno\u015bci i informacja RODO\u00a0serwisu www.prawnikwarszawa24.pl \u00a0 1. Administratorom danych osobowych jest Piotr Maziarek prowadz\u0105cy dzia\u0142alno\u015b\u0107 gospodarcz\u0105 pod nazw\u0105 \u201ePiotr Maziarek Kancelaria Radcy Prawnego \u201d\u00a0 (\u201eAdministrator\u201d) 2. Pliki cookies: 2.1 Strona internetowa www.prawnikwarszawa24.pl, jak wi\u0119kszo\u015b\u0107 witryn internetowych, korzysta z tzw. plik\u00f3w cookies (ciasteczek).\u00a0Pliki te: 2.1.1 s\u0105 zapisywane w pami\u0119ci Twojego urz\u0105dzenia (komputera, telefonu, [&hellip;]<\/p>\n","protected":false},"author":1,"featured_media":0,"parent":0,"menu_order":0,"comment_status":"closed","ping_status":"closed","template":"page-templates\/template-pagebuilder-full-width.php","meta":{"footnotes":""},"class_list":["post-421","page","type-page","status-publish","hentry"],"yoast_head":"<!-- This site is optimized with the Yoast SEO plugin v19.6.1 - https:\/\/yoast.com\/wordpress\/plugins\/seo\/ -->\n<title>Nota prawna - Kancelaria Maziarek<\/title>\n<meta name=\"robots\" content=\"index, follow, max-snippet:-1, max-image-preview:large, max-video-preview:-1\" \/>\n<link rel=\"canonical\" href=\"https:\/\/prawnikwarszawa24.you2.pl\/index.php\/nota-prawna\/\" \/>\n<meta property=\"og:locale\" content=\"pl_PL\" \/>\n<meta property=\"og:type\" content=\"article\" \/>\n<meta property=\"og:title\" content=\"Nota prawna - Kancelaria Maziarek\" \/>\n<meta property=\"og:description\" content=\"Polityka prywatno\u015bci Polityka prywatno\u015bci i informacja RODO\u00a0serwisu www.prawnikwarszawa24.pl \u00a0 1. Administratorom danych osobowych jest Piotr Maziarek prowadz\u0105cy dzia\u0142alno\u015b\u0107 gospodarcz\u0105 pod nazw\u0105 \u201ePiotr Maziarek Kancelaria Radcy Prawnego \u201d\u00a0 (\u201eAdministrator\u201d) 2. Pliki cookies: 2.1 Strona internetowa www.prawnikwarszawa24.pl, jak wi\u0119kszo\u015b\u0107 witryn internetowych, korzysta z tzw. plik\u00f3w cookies (ciasteczek).\u00a0Pliki te: 2.1.1 s\u0105 zapisywane w pami\u0119ci Twojego urz\u0105dzenia (komputera, telefonu, [&hellip;]\" \/>\n<meta property=\"og:url\" content=\"https:\/\/prawnikwarszawa24.you2.pl\/index.php\/nota-prawna\/\" \/>\n<meta property=\"og:site_name\" content=\"Kancelaria Maziarek\" \/>\n<meta property=\"article:modified_time\" content=\"2021-11-21T21:16:27+00:00\" \/>\n<meta name=\"twitter:card\" content=\"summary_large_image\" \/>\n<meta name=\"twitter:label1\" content=\"Szacowany czas czytania\" \/>\n\t<meta name=\"twitter:data1\" content=\"3 minuty\" \/>\n<script type=\"application\/ld+json\" class=\"yoast-schema-graph\">{\"@context\":\"https:\/\/schema.org\",\"@graph\":[{\"@type\":\"WebPage\",\"@id\":\"https:\/\/prawnikwarszawa24.you2.pl\/index.php\/nota-prawna\/\",\"url\":\"https:\/\/prawnikwarszawa24.you2.pl\/index.php\/nota-prawna\/\",\"name\":\"Nota prawna - Kancelaria Maziarek\",\"isPartOf\":{\"@id\":\"http:\/\/prawnikwarszawa24.you2.pl\/#website\"},\"datePublished\":\"2021-07-14T21:29:04+00:00\",\"dateModified\":\"2021-11-21T21:16:27+00:00\",\"breadcrumb\":{\"@id\":\"https:\/\/prawnikwarszawa24.you2.pl\/index.php\/nota-prawna\/#breadcrumb\"},\"inLanguage\":\"pl-PL\",\"potentialAction\":[{\"@type\":\"ReadAction\",\"target\":[\"https:\/\/prawnikwarszawa24.you2.pl\/index.php\/nota-prawna\/\"]}]},{\"@type\":\"BreadcrumbList\",\"@id\":\"https:\/\/prawnikwarszawa24.you2.pl\/index.php\/nota-prawna\/#breadcrumb\",\"itemListElement\":[{\"@type\":\"ListItem\",\"position\":1,\"name\":\"Strona g\u0142\u00f3wna\",\"item\":\"https:\/\/prawnikwarszawa24.you2.pl\/\"},{\"@type\":\"ListItem\",\"position\":2,\"name\":\"Nota prawna\"}]},{\"@type\":\"WebSite\",\"@id\":\"http:\/\/prawnikwarszawa24.you2.pl\/#website\",\"url\":\"http:\/\/prawnikwarszawa24.you2.pl\/\",\"name\":\"Kancelaria Maziarek\",\"description\":\"po prostu prawo\",\"publisher\":{\"@id\":\"http:\/\/prawnikwarszawa24.you2.pl\/#organization\"},\"potentialAction\":[{\"@type\":\"SearchAction\",\"target\":{\"@type\":\"EntryPoint\",\"urlTemplate\":\"http:\/\/prawnikwarszawa24.you2.pl\/?s={search_term_string}\"},\"query-input\":\"required name=search_term_string\"}],\"inLanguage\":\"pl-PL\"},{\"@type\":\"Organization\",\"@id\":\"http:\/\/prawnikwarszawa24.you2.pl\/#organization\",\"name\":\"Kancelaria Maziarek\",\"url\":\"http:\/\/prawnikwarszawa24.you2.pl\/\",\"sameAs\":[],\"logo\":{\"@type\":\"ImageObject\",\"inLanguage\":\"pl-PL\",\"@id\":\"http:\/\/prawnikwarszawa24.you2.pl\/#\/schema\/logo\/image\/\",\"url\":\"https:\/\/prawnikwarszawa24.you2.pl\/wp-content\/uploads\/2021\/07\/Logo-Kancelaria-Maziarek-UP-biale.png\",\"contentUrl\":\"https:\/\/prawnikwarszawa24.you2.pl\/wp-content\/uploads\/2021\/07\/Logo-Kancelaria-Maziarek-UP-biale.png\",\"width\":4126,\"height\":593,\"caption\":\"Kancelaria Maziarek\"},\"image\":{\"@id\":\"http:\/\/prawnikwarszawa24.you2.pl\/#\/schema\/logo\/image\/\"}}]}<\/script>\n<!-- \/ Yoast SEO plugin. -->","yoast_head_json":{"title":"Nota prawna - Kancelaria Maziarek","robots":{"index":"index","follow":"follow","max-snippet":"max-snippet:-1","max-image-preview":"max-image-preview:large","max-video-preview":"max-video-preview:-1"},"canonical":"https:\/\/prawnikwarszawa24.you2.pl\/index.php\/nota-prawna\/","og_locale":"pl_PL","og_type":"article","og_title":"Nota prawna - Kancelaria Maziarek","og_description":"Polityka prywatno\u015bci Polityka prywatno\u015bci i informacja RODO\u00a0serwisu www.prawnikwarszawa24.pl \u00a0 1. Administratorom danych osobowych jest Piotr Maziarek prowadz\u0105cy dzia\u0142alno\u015b\u0107 gospodarcz\u0105 pod nazw\u0105 \u201ePiotr Maziarek Kancelaria Radcy Prawnego \u201d\u00a0 (\u201eAdministrator\u201d) 2. Pliki cookies: 2.1 Strona internetowa www.prawnikwarszawa24.pl, jak wi\u0119kszo\u015b\u0107 witryn internetowych, korzysta z tzw. plik\u00f3w cookies (ciasteczek).\u00a0Pliki te: 2.1.1 s\u0105 zapisywane w pami\u0119ci Twojego urz\u0105dzenia (komputera, telefonu, [&hellip;]","og_url":"https:\/\/prawnikwarszawa24.you2.pl\/index.php\/nota-prawna\/","og_site_name":"Kancelaria Maziarek","article_modified_time":"2021-11-21T21:16:27+00:00","twitter_card":"summary_large_image","twitter_misc":{"Szacowany czas czytania":"3 minuty"},"schema":{"@context":"https:\/\/schema.org","@graph":[{"@type":"WebPage","@id":"https:\/\/prawnikwarszawa24.you2.pl\/index.php\/nota-prawna\/","url":"https:\/\/prawnikwarszawa24.you2.pl\/index.php\/nota-prawna\/","name":"Nota prawna - Kancelaria Maziarek","isPartOf":{"@id":"http:\/\/prawnikwarszawa24.you2.pl\/#website"},"datePublished":"2021-07-14T21:29:04+00:00","dateModified":"2021-11-21T21:16:27+00:00","breadcrumb":{"@id":"https:\/\/prawnikwarszawa24.you2.pl\/index.php\/nota-prawna\/#breadcrumb"},"inLanguage":"pl-PL","potentialAction":[{"@type":"ReadAction","target":["https:\/\/prawnikwarszawa24.you2.pl\/index.php\/nota-prawna\/"]}]},{"@type":"BreadcrumbList","@id":"https:\/\/prawnikwarszawa24.you2.pl\/index.php\/nota-prawna\/#breadcrumb","itemListElement":[{"@type":"ListItem","position":1,"name":"Strona g\u0142\u00f3wna","item":"https:\/\/prawnikwarszawa24.you2.pl\/"},{"@type":"ListItem","position":2,"name":"Nota prawna"}]},{"@type":"WebSite","@id":"http:\/\/prawnikwarszawa24.you2.pl\/#website","url":"http:\/\/prawnikwarszawa24.you2.pl\/","name":"Kancelaria Maziarek","description":"po prostu prawo","publisher":{"@id":"http:\/\/prawnikwarszawa24.you2.pl\/#organization"},"potentialAction":[{"@type":"SearchAction","target":{"@type":"EntryPoint","urlTemplate":"http:\/\/prawnikwarszawa24.you2.pl\/?s={search_term_string}"},"query-input":"required name=search_term_string"}],"inLanguage":"pl-PL"},{"@type":"Organization","@id":"http:\/\/prawnikwarszawa24.you2.pl\/#organization","name":"Kancelaria Maziarek","url":"http:\/\/prawnikwarszawa24.you2.pl\/","sameAs":[],"logo":{"@type":"ImageObject","inLanguage":"pl-PL","@id":"http:\/\/prawnikwarszawa24.you2.pl\/#\/schema\/logo\/image\/","url":"https:\/\/prawnikwarszawa24.you2.pl\/wp-content\/uploads\/2021\/07\/Logo-Kancelaria-Maziarek-UP-biale.png","contentUrl":"https:\/\/prawnikwarszawa24.you2.pl\/wp-content\/uploads\/2021\/07\/Logo-Kancelaria-Maziarek-UP-biale.png","width":4126,"height":593,"caption":"Kancelaria Maziarek"},"image":{"@id":"http:\/\/prawnikwarszawa24.you2.pl\/#\/schema\/logo\/image\/"}}]}},"_links":{"self":[{"href":"https:\/\/prawnikwarszawa24.you2.pl\/index.php\/wp-json\/wp\/v2\/pages\/421","targetHints":{"allow":["GET"]}}],"collection":[{"href":"https:\/\/prawnikwarszawa24.you2.pl\/index.php\/wp-json\/wp\/v2\/pages"}],"about":[{"href":"https:\/\/prawnikwarszawa24.you2.pl\/index.php\/wp-json\/wp\/v2\/types\/page"}],"author":[{"embeddable":true,"href":"https:\/\/prawnikwarszawa24.you2.pl\/index.php\/wp-json\/wp\/v2\/users\/1"}],"replies":[{"embeddable":true,"href":"https:\/\/prawnikwarszawa24.you2.pl\/index.php\/wp-json\/wp\/v2\/comments?post=421"}],"version-history":[{"count":26,"href":"https:\/\/prawnikwarszawa24.you2.pl\/index.php\/wp-json\/wp\/v2\/pages\/421\/revisions"}],"predecessor-version":[{"id":1550,"href":"https:\/\/prawnikwarszawa24.you2.pl\/index.php\/wp-json\/wp\/v2\/pages\/421\/revisions\/1550"}],"wp:attachment":[{"href":"https:\/\/prawnikwarszawa24.you2.pl\/index.php\/wp-json\/wp\/v2\/media?parent=421"}],"curies":[{"name":"wp","href":"https:\/\/api.w.org\/{rel}","templated":true}]}}